{"id":20306,"date":"2023-04-02T02:19:33","date_gmt":"2023-04-02T00:19:33","guid":{"rendered":"http:\/\/www.tattooconvention-fulda.de\/?post_type=product&#038;p=20306"},"modified":"2023-04-04T17:37:51","modified_gmt":"2023-04-04T15:37:51","slug":"verkaufsstand","status":"publish","type":"product","link":"https:\/\/www.tattooconvention-fulda.de\/en\/product\/verkaufsstand\/","title":{"rendered":"Sales booth"},"content":{"rendered":"<h5><span style=\"color: #f70083;\"><strong>Information: <\/strong><\/span><span style=\"color: #f9f9f9;\">A lunch buffet (Saturday &amp; Sunday) for two people is included with every booking.<br \/>\nFood for additional artists \/ exhibitors \/ helpers can be booked.<\/span><\/h5>\n<p><strong><br \/>\n<\/strong>Welcome to the Tattoo Convention 2023 in Fulda! We are pleased to be able to offer you our bookable sales stand for exhibitors.<\/p>\n<p>Our stand offers you an excellent opportunity to present your tattoo studio or your brand to a wide audience and to attract new customers. You can show and sell your products and services on site and connect with other tattoo enthusiasts and professionals.<\/p>\n<p>&nbsp;<\/p>","protected":false},"excerpt":{"rendered":"<p>Information: Bei jeder Buchung ist jeweils ein Mittagsbuffet (Samstag &amp; Sonntag) f\u00fcr zwei Personen inklusive. Zus\u00e4tzliche K\u00fcnster \/ Austeller \/ Helfer k\u00f6nnen hinzugebucht werden. Herzlich Willkommen zur Tattoo Convention 2023&hellip;<\/p>","protected":false},"featured_media":20238,"template":"","meta":[],"product_cat":[209],"product_tag":[],"class_list":["post-20306","product","type-product","status-publish","has-post-thumbnail","hentry","product_cat-unkategorisiert"],"_links":{"self":[{"href":"https:\/\/www.tattooconvention-fulda.de\/en\/wp-json\/wp\/v2\/product\/20306","targetHints":{"allow":["GET"]}}],"collection":[{"href":"https:\/\/www.tattooconvention-fulda.de\/en\/wp-json\/wp\/v2\/product"}],"about":[{"href":"https:\/\/www.tattooconvention-fulda.de\/en\/wp-json\/wp\/v2\/types\/product"}],"wp:featuredmedia":[{"embeddable":true,"href":"https:\/\/www.tattooconvention-fulda.de\/en\/wp-json\/wp\/v2\/media\/20238"}],"wp:attachment":[{"href":"https:\/\/www.tattooconvention-fulda.de\/en\/wp-json\/wp\/v2\/media?parent=20306"}],"wp:term":[{"taxonomy":"product_cat","embeddable":true,"href":"https:\/\/www.tattooconvention-fulda.de\/en\/wp-json\/wp\/v2\/product_cat?post=20306"},{"taxonomy":"product_tag","embeddable":true,"href":"https:\/\/www.tattooconvention-fulda.de\/en\/wp-json\/wp\/v2\/product_tag?post=20306"}],"curies":[{"name":"wp","href":"https:\/\/api.w.org\/{rel}","templated":true}]}}